{"id":1403,"date":"2019-03-21T11:01:00","date_gmt":"2019-03-21T11:01:00","guid":{"rendered":"http:\/\/congresomasculinidades.umh.es\/?page_id=1403"},"modified":"2019-03-29T12:34:26","modified_gmt":"2019-03-29T12:34:26","slug":"jornada","status":"publish","type":"page","link":"https:\/\/congresomasculinidades.umh.es\/ca\/jornada\/","title":{"rendered":"JORNADA"},"content":{"rendered":"<p><\/p>\n<h2 style=\"text-align: center;\"><\/h2>\n<h2 style=\"text-align: center;\"><em><strong>I JORNADA<\/strong><\/em><\/h2>\n<h2 style=\"text-align: center;\"><span style=\"color: #800000;\"><em><strong>EL PAPEL DEL LOS HOMBRES FRENTE AL MACHISMO.<\/strong><\/em><\/span><br \/>\n<span style=\"color: #800000;\"><em><strong>RETOS Y ESTRATEGIAS DESDE EL MOVIMIENTO ASOCIATIVO.<\/strong><\/em><\/span><\/h2>\n<p style=\"text-align: center;\"><b>S\u00e1bado 6 de abril de 2019<br \/>\nLugar: Centro de Congresos de Elche<br \/>\nDe 16:15 a 20:30 horas<\/b><span style=\"font-weight: 400;\">.<\/span><\/p>\n<p style=\"padding-left: 150px;\"><a href=\"http:\/\/congresomasculinidades.umh.es\/files\/2019\/03\/image0031.png\"><img loading=\"lazy\" class=\"alignnone size-medium wp-image-1407 alignleft\" src=\"http:\/\/congresomasculinidades.umh.es\/files\/2019\/03\/image0031-300x52.png\" alt=\"image003\" width=\"300\" height=\"52\" srcset=\"https:\/\/congresomasculinidades.umh.es\/files\/2019\/03\/image0031-300x52.png 300w, https:\/\/congresomasculinidades.umh.es\/files\/2019\/03\/image0031-150x26.png 150w, https:\/\/congresomasculinidades.umh.es\/files\/2019\/03\/image0031.png 621w\" sizes=\"(max-width: 300px) 100vw, 300px\" \/><\/a><img loading=\"lazy\" class=\"alignnone wp-image-1405 size-full alignleft\" src=\"http:\/\/congresomasculinidades.umh.es\/files\/2019\/03\/image0011-e1553165566258.png\" alt=\"image001\" width=\"225\" height=\"71\" srcset=\"https:\/\/congresomasculinidades.umh.es\/files\/2019\/03\/image0011-e1553165566258.png 225w, https:\/\/congresomasculinidades.umh.es\/files\/2019\/03\/image0011-e1553165566258-150x47.png 150w\" sizes=\"(max-width: 225px) 100vw, 225px\" \/><\/p>\n<p style=\"padding-left: 180px;\"><img loading=\"lazy\" class=\"alignnone wp-image-1406 size-medium\" src=\"http:\/\/congresomasculinidades.umh.es\/files\/2019\/03\/image0021-e1553165600262-300x82.png\" alt=\"image002\" width=\"300\" height=\"82\" srcset=\"https:\/\/congresomasculinidades.umh.es\/files\/2019\/03\/image0021-e1553165600262.png 300w, https:\/\/congresomasculinidades.umh.es\/files\/2019\/03\/image0021-e1553165600262-150x41.png 150w\" sizes=\"(max-width: 300px) 100vw, 300px\" \/><img loading=\"lazy\" class=\"alignnone wp-image-1404 size-full\" src=\"http:\/\/congresomasculinidades.umh.es\/files\/2019\/03\/image004-e1553165667645.png\" alt=\"image004\" width=\"182\" height=\"140\" srcset=\"https:\/\/congresomasculinidades.umh.es\/files\/2019\/03\/image004-e1553165667645.png 182w, https:\/\/congresomasculinidades.umh.es\/files\/2019\/03\/image004-e1553165667645-150x115.png 150w\" sizes=\"(max-width: 182px) 100vw, 182px\" \/><\/p>\n<p style=\"text-align: justify;\"><span style=\"font-weight: 400;\"><a href=\"http:\/\/congresomasculinidades.umh.es\/files\/2019\/03\/A3_JornadasMachismo_CAS_cambios.jpg\" target=\"_blank\"><img loading=\"lazy\" class=\"alignright wp-image-1427\" src=\"http:\/\/congresomasculinidades.umh.es\/files\/2019\/03\/A3_JornadasMachismo_CAS_cambios.jpg\" alt=\"\" width=\"350\" height=\"495\" srcset=\"https:\/\/congresomasculinidades.umh.es\/files\/2019\/03\/A3_JornadasMachismo_CAS_cambios.jpg 2339w, https:\/\/congresomasculinidades.umh.es\/files\/2019\/03\/A3_JornadasMachismo_CAS_cambios-212x300.jpg 212w, https:\/\/congresomasculinidades.umh.es\/files\/2019\/03\/A3_JornadasMachismo_CAS_cambios-724x1024.jpg 724w, https:\/\/congresomasculinidades.umh.es\/files\/2019\/03\/A3_JornadasMachismo_CAS_cambios-106x150.jpg 106w\" sizes=\"(max-width: 350px) 100vw, 350px\" \/><\/a><span style=\"font-weight: 400;\">Organiza:<\/span>\u00a0<strong>Casa de la Dona de Elx. Concejal\u00eda de Igualdad del Ayuntamiento de Elche.<\/strong><\/span><\/p>\n<p style=\"text-align: justify;\"><span style=\"font-weight: 400;\">Colabora: Grupo de investigaci\u00f3n ECULGE de la Universidad Miguel Hern\u00e1ndez de Elche.<\/span><\/p>\n<p style=\"text-align: justify;\"><span style=\"font-weight: 400;\">Objetivos:<\/span><\/p>\n<ul style=\"text-align: justify;\">\n<li style=\"font-weight: 400;\"><span style=\"font-weight: 400;\">Reflexionar sobre el papel de los varones en el avance hacia la igualdad de g\u00e9nero.<\/span><\/li>\n<li style=\"font-weight: 400;\"><span style=\"font-weight: 400;\">Analizar el estado actual del movimiento asociativo de hombres por la igualdad.<\/span><\/li>\n<li style=\"font-weight: 400;\"><span style=\"font-weight: 400;\">Compartir experiencias y buenas pr\u00e1cticas llevadas a cabo.<\/span><\/li>\n<li style=\"font-weight: 400;\"><span style=\"font-weight: 400;\">Estimular la puesta en marcha de iniciativas asociativas y grupos de hombres por la igualdad.<\/span><\/li>\n<\/ul>\n<p style=\"text-align: justify;\"><span style=\"font-weight: 400;\">Informaci\u00f3n e inscripciones en:<\/span><\/p>\n<p style=\"text-align: justify;\"><strong><a href=\"mailto:igualdad@ayto-elche.es\">igualdad@ayto-elche.es<\/a><\/strong><\/p>\n<p style=\"text-align: justify;\"><strong>629 04 76 25<\/strong>\u00a0<span style=\"font-weight: 400;\">(Marcos)<\/span><\/p>\n<p style=\"text-align: justify;\"><span style=\"color: #800000;\"><strong>PROGRAMA<\/strong><\/span><\/p>\n<p><strong>16:15h \u00a0<span style=\"color: #800000;\">PRESENTACI\u00d3N DE LA JORNADA<\/span><\/strong><\/p>\n<ul style=\"text-align: justify;\">\n<li><strong>Representaci\u00f3n del Ayuntamiento de Elche.<\/strong><\/li>\n<\/ul>\n<ul style=\"text-align: justify;\">\n<li style=\"font-weight: 400;\"><strong>D. Francisco Panal\u00e9s L\u00f3pez<\/strong><span style=\"font-weight: 400;\"><strong>.<\/strong>\u00a0Miembro del comit\u00e9 cient\u00edfico\u00a0<\/span><i><span style=\"font-weight: 400;\">del \u00a0I Congreso Internacional sobre masculinidades e igualdad: en busca de buenas pr\u00e1cticas de masculinidades igualitarias desde el \u00e1mbito de la universidad<\/span><\/i><span style=\"font-weight: 400;\">\u00a0(UMH).<\/span><\/li>\n<\/ul>\n<p style=\"text-align: justify;\"><strong>16:30 h.\u00a0<span style=\"color: #800000;\">CONFERENCIA<\/span><\/strong><span style=\"font-weight: 400;\">: \u201cOr\u00edgenes y evoluci\u00f3n del movimiento asociativo de hombres por la igualdad en el Estado Espa\u00f1ol\u201d. \u00a0<\/span><strong>D. Jos\u00e9 \u00c1ngel Lozoya<\/strong><b>.\u00a0<\/b><i><span style=\"font-weight: 400;\">Red de Hombres por la Igualdad<\/span><\/i><span style=\"font-weight: 400;\">.<\/span><\/p>\n<ul style=\"text-align: justify;\">\n<li style=\"font-weight: 400;\"><i><span style=\"font-weight: 400;\">Presenta:<\/span>\u00a0<strong>D. Jorge Cascales Ribera<\/strong><span style=\"font-weight: 400;\">. Miembro de\u00a0<\/span><i><span style=\"font-weight: 400;\">Homes Valencians per la Igualtat.<\/span><\/i><\/i><\/li>\n<\/ul>\n<p style=\"text-align: justify;\"><strong>17:15h\u00a0<span style=\"color: #800000;\">DEBATE<\/span><\/strong><\/p>\n<ul style=\"text-align: justify;\">\n<li style=\"font-weight: 400;\"><i><span style=\"font-weight: 400;\">Modera:<\/span>\u00a0<strong>D. Jorge Cascales Ribera<\/strong><b>.\u00a0<\/b><span style=\"font-weight: 400;\">Miembro de\u00a0<\/span><i><span style=\"font-weight: 400;\">Homes Valencians per la Igualtat.<\/span><\/i><\/i><\/li>\n<\/ul>\n<p style=\"text-align: justify;\"><strong>17:30h\u00a0<span style=\"color: #800000;\">MESA DE EXPERIENCIAS<\/span><\/strong><\/p>\n<ul style=\"text-align: justify;\">\n<li style=\"font-weight: 400;\"><strong>D. Joaqu\u00edn Montaner Villalonga.\u00a0<\/strong><span style=\"font-weight: 400;\">Pap\u00e1 \/ Red de Hombres por la Igualdad \/ @papasblogueros.<\/span><\/li>\n<\/ul>\n<ul style=\"text-align: justify;\">\n<li style=\"font-weight: 400;\"><strong>D. Alejo Dur\u00e1n.<\/strong>\u00a0<span style=\"font-weight: 400;\">Grupo de Hombres por la Igualdad \u201cViento Fresco\u201d de Aracena \/ AHIGE<\/span><\/li>\n<\/ul>\n<ul style=\"text-align: justify;\">\n<li style=\"font-weight: 400;\"><strong>D. Jorge Garc\u00eda Mar\u00edn y Ram\u00f3n Torrente Garc\u00eda.<\/strong>\u00a0<span style=\"font-weight: 400;\">E-miembros de\u00a0<\/span><i><span style=\"font-weight: 400;\">Homes Galegos Pola Igualdade<\/span><\/i><span style=\"font-weight: 400;\">\u00a0\u00a0\/ Taller permanente \u201cNovas masculinidades e cambio social\u201d USC.<\/span><\/li>\n<\/ul>\n<ul style=\"text-align: justify;\">\n<li style=\"font-weight: 400;\"><i><strong>D. Jorge Cascales Ribera.<\/strong>\u00a0<span style=\"font-weight: 400;\">Miembro de\u00a0<\/span><i><span style=\"font-weight: 400;\">Homes Valencians per la Igualtat.<\/span><\/i><\/i><\/li>\n<\/ul>\n<ul style=\"text-align: justify;\">\n<li style=\"font-weight: 400;\"><i><strong>D. I\u00f1aki Delgado.<\/strong><i><span style=\"font-weight: 400;\">\u00a0Grupo Zipriztintzen de Ermua.<\/span><\/i><\/i><\/li>\n<\/ul>\n<p style=\"text-align: justify;\"><strong>Presenta: D. Marcos Nauhardt<\/strong><span style=\"font-weight: 400;\">, Grupo de Hombres por la Igualdad de Elche Hipocampus.<\/span><\/p>\n<p><strong>18:45 h.\u00a0<span style=\"color: #800000;\">DEBATE<\/span><\/strong><br \/>\n<strong>Modera: D. Marcos Nauhardt<\/strong><span style=\"font-weight: 400;\"><strong>,<\/strong>\u00a0Grupo de Hombres por la Igualdad Hipocampus, Elx.<\/span><\/p>\n<p><strong>19:15 h.\u00a0<span style=\"color: #800000;\">DESCANSO<\/span><\/strong><\/p>\n<p><strong>19:30h\u00a0<span style=\"color: #800000;\">DIN\u00c1MICA GRUPAL-DEBATE<\/span>: \u201cRetos y estrategias para un movimiento asociativo de hombres por la igualdad\u201d.<\/strong><\/p>\n<ul style=\"text-align: justify;\">\n<li style=\"font-weight: 400;\"><strong>Dinamiza: D. Francisco Panal\u00e9s L\u00f3pez.<\/strong><\/li>\n<\/ul>\n<p style=\"text-align: justify;\"><strong>20:30 h.\u00a0<span style=\"color: #800000;\">CONCLUSIONES Y CLAUSURA<\/span><\/strong><\/p>\n<ul style=\"text-align: justify;\">\n<li><strong>Representaci\u00f3n del Ayuntamiento de Elche.<\/strong><\/li>\n<\/ul>\n<ul>\n<li style=\"font-weight: 400; text-align: justify;\"><strong>D. Jorge Cascales Ribera<\/strong><span style=\"font-weight: 400;\"><strong>.<\/strong>\u00a0Miembro del comit\u00e9 cient\u00edfico del \u00a0<\/span><i><span style=\"font-weight: 400;\">I Congreso Internacional sobre masculinidades e igualdad: en busca de buenas pr\u00e1cticas de masculinidades igualitarias desde el \u00e1mbito de la universidad<\/span><\/i><span style=\"font-weight: 400;\">\u00a0(UMH).<\/span><\/li>\n<li style=\"font-weight: 400; text-align: justify;\"><strong>D. Marcos Nauhardt<\/strong><span style=\"font-weight: 400;\"><strong>,<\/strong>\u00a0Grupo de Hombres por la Igualdad Hipocampus, Elx.<\/span><\/li>\n<\/ul>\n<p><\/p>","protected":false},"excerpt":{"rendered":"<p>I JORNADA EL PAPEL DEL LOS HOMBRES FRENTE AL MACHISMO. RETOS Y ESTRATEGIAS DESDE EL MOVIMIENTO ASOCIATIVO. S\u00e1bado 6 de abril de 2019 Lugar: Centro de Congresos de Elche De 16:15 a 20:30 horas. Organiza:\u00a0Casa de la Dona de Elx. Concejal\u00eda de Igualdad del Ayuntamiento de Elche. Colabora: Grupo de\u2026<\/p>\n<p> <a class=\"continue-reading-link\" href=\"https:\/\/congresomasculinidades.umh.es\/ca\/jornada\/\"><span>Continue reading<\/span><i class=\"crycon-right-dir\"><\/i><\/a><\/p>\n","protected":false},"author":6283,"featured_media":0,"parent":0,"menu_order":0,"comment_status":"closed","ping_status":"open","template":"","meta":{"_links_to":"","_links_to_target":""},"yoast_head":"<!-- This site is optimized with the Yoast SEO plugin v17.5 - https:\/\/yoast.com\/wordpress\/plugins\/seo\/ -->\n<title>JORNADA - I CONGRESO INTERNACIONAL SOBRE MASCULINIDADES E IGUALDAD<\/title>\n<meta name=\"robots\" content=\"index, follow, max-snippet:-1, max-image-preview:large, max-video-preview:-1\" \/>\n<link rel=\"canonical\" href=\"https:\/\/congresomasculinidades.umh.es\/jornada\/\" \/>\n<meta property=\"og:locale\" content=\"ca_ES\" \/>\n<meta property=\"og:type\" content=\"article\" \/>\n<meta property=\"og:title\" content=\"JORNADA - I CONGRESO INTERNACIONAL SOBRE MASCULINIDADES E IGUALDAD\" \/>\n<meta property=\"og:description\" content=\"I JORNADA EL PAPEL DEL LOS HOMBRES FRENTE AL MACHISMO. RETOS Y ESTRATEGIAS DESDE EL MOVIMIENTO ASOCIATIVO. S\u00e1bado 6 de abril de 2019 Lugar: Centro de Congresos de Elche De 16:15 a 20:30 horas. Organiza:\u00a0Casa de la Dona de Elx. Concejal\u00eda de Igualdad del Ayuntamiento de Elche. Colabora: Grupo de\u2026 Continue reading\" \/>\n<meta property=\"og:url\" content=\"https:\/\/congresomasculinidades.umh.es\/jornada\/\" \/>\n<meta property=\"og:site_name\" content=\"I CONGRESO INTERNACIONAL SOBRE MASCULINIDADES E IGUALDAD\" \/>\n<meta property=\"article:modified_time\" content=\"2019-03-29T12:34:26+00:00\" \/>\n<meta property=\"og:image\" content=\"http:\/\/congresomasculinidades.umh.es\/files\/2019\/03\/image0031-300x52.png\" \/>\n<meta name=\"twitter:card\" content=\"summary\" \/>\n<meta name=\"twitter:label1\" content=\"Temps estimat de lectura\" \/>\n\t<meta name=\"twitter:data1\" content=\"4 minuts\" \/>\n<script type=\"application\/ld+json\" class=\"yoast-schema-graph\">{\"@context\":\"https:\/\/schema.org\",\"@graph\":[{\"@type\":\"WebSite\",\"@id\":\"https:\/\/congresomasculinidades.umh.es\/#website\",\"url\":\"https:\/\/congresomasculinidades.umh.es\/\",\"name\":\"I CONGRESO INTERNACIONAL SOBRE MASCULINIDADES E IGUALDAD\",\"description\":\"Centro de Congresos 4, 5 y 6 de abril 2019\",\"potentialAction\":[{\"@type\":\"SearchAction\",\"target\":{\"@type\":\"EntryPoint\",\"urlTemplate\":\"https:\/\/congresomasculinidades.umh.es\/?s={search_term_string}\"},\"query-input\":\"required name=search_term_string\"}],\"inLanguage\":\"ca\"},{\"@type\":\"ImageObject\",\"@id\":\"https:\/\/congresomasculinidades.umh.es\/jornada\/#primaryimage\",\"inLanguage\":\"ca\",\"url\":\"http:\/\/congresomasculinidades.umh.es\/files\/2019\/03\/image0031-300x52.png\",\"contentUrl\":\"http:\/\/congresomasculinidades.umh.es\/files\/2019\/03\/image0031-300x52.png\"},{\"@type\":\"WebPage\",\"@id\":\"https:\/\/congresomasculinidades.umh.es\/jornada\/#webpage\",\"url\":\"https:\/\/congresomasculinidades.umh.es\/jornada\/\",\"name\":\"JORNADA - I CONGRESO INTERNACIONAL SOBRE MASCULINIDADES E IGUALDAD\",\"isPartOf\":{\"@id\":\"https:\/\/congresomasculinidades.umh.es\/#website\"},\"primaryImageOfPage\":{\"@id\":\"https:\/\/congresomasculinidades.umh.es\/jornada\/#primaryimage\"},\"datePublished\":\"2019-03-21T11:01:00+00:00\",\"dateModified\":\"2019-03-29T12:34:26+00:00\",\"breadcrumb\":{\"@id\":\"https:\/\/congresomasculinidades.umh.es\/jornada\/#breadcrumb\"},\"inLanguage\":\"ca\",\"potentialAction\":[{\"@type\":\"ReadAction\",\"target\":[\"https:\/\/congresomasculinidades.umh.es\/jornada\/\"]}]},{\"@type\":\"BreadcrumbList\",\"@id\":\"https:\/\/congresomasculinidades.umh.es\/jornada\/#breadcrumb\",\"itemListElement\":[{\"@type\":\"ListItem\",\"position\":1,\"name\":\"Portada\",\"item\":\"https:\/\/congresomasculinidades.umh.es\/\"},{\"@type\":\"ListItem\",\"position\":2,\"name\":\"JORNADA\"}]}]}<\/script>\n<!-- \/ Yoast SEO plugin. -->","yoast_head_json":{"title":"JORNADA - I CONGRESO INTERNACIONAL SOBRE MASCULINIDADES E IGUALDAD","robots":{"index":"index","follow":"follow","max-snippet":"max-snippet:-1","max-image-preview":"max-image-preview:large","max-video-preview":"max-video-preview:-1"},"canonical":"https:\/\/congresomasculinidades.umh.es\/jornada\/","og_locale":"ca_ES","og_type":"article","og_title":"JORNADA - I CONGRESO INTERNACIONAL SOBRE MASCULINIDADES E IGUALDAD","og_description":"I JORNADA EL PAPEL DEL LOS HOMBRES FRENTE AL MACHISMO. RETOS Y ESTRATEGIAS DESDE EL MOVIMIENTO ASOCIATIVO. S\u00e1bado 6 de abril de 2019 Lugar: Centro de Congresos de Elche De 16:15 a 20:30 horas. Organiza:\u00a0Casa de la Dona de Elx. Concejal\u00eda de Igualdad del Ayuntamiento de Elche. Colabora: Grupo de\u2026 Continue reading","og_url":"https:\/\/congresomasculinidades.umh.es\/jornada\/","og_site_name":"I CONGRESO INTERNACIONAL SOBRE MASCULINIDADES E IGUALDAD","article_modified_time":"2019-03-29T12:34:26+00:00","og_image":[{"url":"http:\/\/congresomasculinidades.umh.es\/files\/2019\/03\/image0031-300x52.png"}],"twitter_card":"summary","twitter_misc":{"Temps estimat de lectura":"4 minuts"},"schema":{"@context":"https:\/\/schema.org","@graph":[{"@type":"WebSite","@id":"https:\/\/congresomasculinidades.umh.es\/#website","url":"https:\/\/congresomasculinidades.umh.es\/","name":"I CONGRESO INTERNACIONAL SOBRE MASCULINIDADES E IGUALDAD","description":"Centro de Congresos 4, 5 y 6 de abril 2019","potentialAction":[{"@type":"SearchAction","target":{"@type":"EntryPoint","urlTemplate":"https:\/\/congresomasculinidades.umh.es\/?s={search_term_string}"},"query-input":"required name=search_term_string"}],"inLanguage":"ca"},{"@type":"ImageObject","@id":"https:\/\/congresomasculinidades.umh.es\/jornada\/#primaryimage","inLanguage":"ca","url":"http:\/\/congresomasculinidades.umh.es\/files\/2019\/03\/image0031-300x52.png","contentUrl":"http:\/\/congresomasculinidades.umh.es\/files\/2019\/03\/image0031-300x52.png"},{"@type":"WebPage","@id":"https:\/\/congresomasculinidades.umh.es\/jornada\/#webpage","url":"https:\/\/congresomasculinidades.umh.es\/jornada\/","name":"JORNADA - I CONGRESO INTERNACIONAL SOBRE MASCULINIDADES E IGUALDAD","isPartOf":{"@id":"https:\/\/congresomasculinidades.umh.es\/#website"},"primaryImageOfPage":{"@id":"https:\/\/congresomasculinidades.umh.es\/jornada\/#primaryimage"},"datePublished":"2019-03-21T11:01:00+00:00","dateModified":"2019-03-29T12:34:26+00:00","breadcrumb":{"@id":"https:\/\/congresomasculinidades.umh.es\/jornada\/#breadcrumb"},"inLanguage":"ca","potentialAction":[{"@type":"ReadAction","target":["https:\/\/congresomasculinidades.umh.es\/jornada\/"]}]},{"@type":"BreadcrumbList","@id":"https:\/\/congresomasculinidades.umh.es\/jornada\/#breadcrumb","itemListElement":[{"@type":"ListItem","position":1,"name":"Portada","item":"https:\/\/congresomasculinidades.umh.es\/"},{"@type":"ListItem","position":2,"name":"JORNADA"}]}]}},"_links":{"self":[{"href":"https:\/\/congresomasculinidades.umh.es\/ca\/wp-json\/wp\/v2\/pages\/1403"}],"collection":[{"href":"https:\/\/congresomasculinidades.umh.es\/ca\/wp-json\/wp\/v2\/pages"}],"about":[{"href":"https:\/\/congresomasculinidades.umh.es\/ca\/wp-json\/wp\/v2\/types\/page"}],"author":[{"embeddable":true,"href":"https:\/\/congresomasculinidades.umh.es\/ca\/wp-json\/wp\/v2\/users\/6283"}],"replies":[{"embeddable":true,"href":"https:\/\/congresomasculinidades.umh.es\/ca\/wp-json\/wp\/v2\/comments?post=1403"}],"version-history":[{"count":0,"href":"https:\/\/congresomasculinidades.umh.es\/ca\/wp-json\/wp\/v2\/pages\/1403\/revisions"}],"wp:attachment":[{"href":"https:\/\/congresomasculinidades.umh.es\/ca\/wp-json\/wp\/v2\/media?parent=1403"}],"curies":[{"name":"wp","href":"https:\/\/api.w.org\/{rel}","templated":true}]}}