{"id":900,"date":"2018-11-30T13:20:34","date_gmt":"2018-11-30T13:20:34","guid":{"rendered":"http:\/\/congresomasculinidades.umh.es\/?page_id=900"},"modified":"2019-03-29T14:50:28","modified_gmt":"2019-03-29T14:50:28","slug":"programa-2","status":"publish","type":"page","link":"https:\/\/congresomasculinidades.umh.es\/ca\/programa-2\/","title":{"rendered":"PROGRAMA"},"content":{"rendered":"<p><strong><em>I CONGR\u00c9S\u00a0INTERNACIONAL\u00a0SOBRE MASCULINITATS I IGUALTAT:<\/em><\/strong><\/p>\n<p><strong><em>A LA RECERCA DE BONES PR\u00c0CTIQUES DE MASCULINITATS IGUALIT\u00c0RIES DES DE L\u2019\u00c0MBIT DE LA UNIVERSITAT.<\/em><\/strong><\/p>\n<p><strong>DATES:\u00a0<\/strong><strong>DIJOUS 4, DIVENDRES 5 I DISSABTE 6 D\u2019ABRIL DE 2019<\/strong><\/p>\n<p><strong>LLOC:\u00a0<\/strong><strong>CENTRE DE CONGRESSOS CIUTAT D\u2019ELX<\/strong><\/p>\n<p><strong>ORGANITZA:\u00a0<\/strong><strong>UNIVERSITAT MIGUEL HERN\u00c1NDEZ D\u2019ELX<\/strong><\/p>\n<p><strong>\u00a0<\/strong><\/p>\n<p><strong>DIJOUS 4 D\u2019ABRIL DE 2019<\/strong><\/p>\n<p><strong>VESPRADA<\/strong><\/p>\n<p><strong>Lloc de celebraci\u00f3: Centre de Congressos Ciutat d\u2019Elx<\/strong><\/p>\n<p><strong>15.00-16.00h<\/strong>\u00a0<strong>Recollida materials<\/strong><\/p>\n<p><strong>16.00-17.00h<\/strong>\u00a0<strong>ACTE D\u2019INAUGURACI\u00d3<\/strong><\/p>\n<p><strong>17.00-17.30h\u00a0AVAN\u00c7 RESULTATS ESTUDI EXPLORATORI<\/strong><\/p>\n<p><strong>17.30-18.00h<\/strong>\u00a0<strong>PAUSA CAF\u00c9<\/strong><\/p>\n<p><strong>18.00-19.00h<\/strong>\u00a0<strong>CONFER\u00c8NCIA INAUGURAL.<\/strong><strong>\u00a025 ANYS D\u2019ESTUDIS SOBRE HOMES, MASCULINITATS I G\u00c8NERE A AM\u00c8RICA LLATINA. UN PUNT DE VISTA.\u00a0<\/strong>Dr. Jos\u00e9 Olavarr\u00eda Aranguren, director del Centre d\u2019Estudis de la Fundaci\u00f3 Crea Equidad i professor de la Universitat Acad\u00e8mia d\u2019Humanisme Cristi\u00e0. Xile.<\/p>\n<p><strong>19: 00-19: 20h PRESENTACI\u00d3 PUBLICACIONS SOBRE G\u00c8NERE I MASCULINITAT.<\/strong><\/p>\n<p><strong>19: 20-20: 20h CONFER\u00c8NCIA: <\/strong><strong>\u201cMASCULINITAT I COEDUCACI\u00d3: PER QU\u00c8 CONTINUEM FORJANT HOMES?<em>\u201d<\/em><\/strong>\u00a0Dra. Marina Subirats Martori, Universitat Aut\u00f2noma de Barcelona.<\/p>\n<p><strong>21.00h\u00a0<\/strong><strong>RECEPCI\u00d3 I VI D\u2019HONOR DE L\u2019AJUNTAMENT D\u2019ELX.<\/strong><\/p>\n<p><strong>\u00a0<\/strong><\/p>\n<p><strong>DIVENDRES 5 D\u2019ABRIL DE 2019<\/strong><\/p>\n<p><strong>MAT\u00cd<\/strong><\/p>\n<p><strong>Lloc de celebraci\u00f3: Centre de Congressos Ciutat d\u2019Elx<\/strong><\/p>\n<p><strong>9.30-10.30h<\/strong>\u00a0<strong>CONFER\u00c8NCIA:<\/strong>\u00a0<strong>\u201cD\u00c9US I HOMES: MASCULINITATS SAGRADES I VIOL\u00c8NCIA CONTRA LES DONES<em>\u201d.\u00a0<\/em><\/strong>Dr. Juan Jos\u00e9 Tamayo Acosta, Universitat Carlos III de Madrid.<\/p>\n<p><strong>10.30-11.30h<\/strong>\u00a0<strong>CONFER\u00c8NCIA:<\/strong>\u00a0\u201c<strong>MASCULINITATS IGUALIT\u00c0RIES: M\u00c0SCARES, HOMES I PERSPECTIVA DE G\u00c8NERE<em>\u201d.\u00a0<\/em><\/strong>Dra. Anastasia T\u00e9llez Infants. Universitat Miguel Hern\u00e1ndez d\u2019Elx.<\/p>\n<p><strong>11.30-12.00h<\/strong>\u00a0<strong>DESCANS I CAF\u00c9.\u00a0<\/strong><\/p>\n<p><strong>12.00-14.00h<\/strong>\u00a0<strong>TAULA REDONA:<\/strong><strong>\u00a0\u201cELS ESTUDIS DE MASCULINITATS EN LES UNIVERSITATS ESPANYOLES. TRAJECT\u00d2RIES I REALITATS ACTUALS<em>\u201d.<\/em><\/strong><\/p>\n<ul>\n<li><strong> Nerea Aresti Esteban<\/strong>,Universitat del Pa\u00eds Basc.<\/li>\n<li><strong> Paco Abril Morals<\/strong>,Universitat de Girona.<\/li>\n<li><b>Dr. Iv\u00e1n Sambade \u00a0Baquer\u00edn. <\/b>Universitat de Valladolid.<\/li>\n<li><strong> Carlos \u00c1lvarez-Dardet<\/strong>,\u00a0Universitat d\u2019Alacant.<\/li>\n<\/ul>\n<p><strong>Presenta i modera: Dra. M\u00f3nica Moreno Seco<\/strong>, Institut Universitari d\u2019Investigaci\u00f3 d\u2019Estudis de G\u00e8nere. Universitat d\u2019Alacant.<\/p>\n<p><strong>\u00a0<\/strong><\/p>\n<p><strong>VESPRADA<\/strong><\/p>\n<p><strong>Lloc de celebraci\u00f3: Centre de Congressos Ciutat d\u2019Elx<\/strong><\/p>\n<p><strong>16: 00-16: 45h CONFER\u00c8NCIA DEDICADA A LA FIGURA DE JOSEP VICENT MARQU\u00c9S:<\/strong><br \/>\n<strong>LA PERSPECTIVA\u00a0ANTIPATRIARCAL DE JOSEP VICENT MARQU\u00c8S. UNA RELECTURA<\/strong><br \/>\n<strong>NOMADE<\/strong><br \/>\nDra.F\u00e1tima Perell\u00f3 Tom\u00e1s, Universitat de Val\u00e8ncia.<\/p>\n<p><strong>16.45-17.30h<\/strong>\u00a0<strong>CONFER\u00c8NCIA:<\/strong>\u00a0<strong>\u201cLA URG\u00c8NCIA I NECESSITAT DE CON\u00c9IXER LES REALITATS MASCULINES DES DE L\u2019\u00c0MBIT ACAD\u00c8MIC-CIENT\u00cdFIC<em>\u201d<\/em><\/strong>. Dr. Joan Sanf\u00e9lix Albelda, Universitat Jaume I de Castell\u00f3\/Universitat Miguel Hern\u00e1ndez d\u2019Elx.<\/p>\n<p><strong>17.30-18.00h<\/strong>\u00a0<strong>DESCANS I CAF\u00c9.\u00a0\u00a0<\/strong><\/p>\n<p><strong>18.00-20.00h<\/strong>\u00a0<strong>SESSIONS CIENT\u00cdFIQUES DE COMUNICACIONS i P\u00d2STERS<\/strong><\/p>\n<ul>\n<li><strong>SESSI\u00d3 1.\u00a0<\/strong><strong>La construcci\u00f3 sociocultural de les masculinitats. Els homes, les seues vides i el seu g\u00e8nere<\/strong><strong>.<\/strong><\/li>\n<\/ul>\n<p>Lloc: Sala n\u00fam. 1 (Centre de Congressos Ciutat d\u2019Elx)<\/p>\n<p>Coordina: Sr. Jorge Cascales (Universitat de Val\u00e8ncia) i Dr. Javier Eloy Mart\u00ednez (Universitat de M\u00farcia)<\/p>\n<ul>\n<li><strong>SESSI\u00d3 2.\u00a0<\/strong><strong>Els homes i la igualtat. Coresponsabilitats, cures, emocions i privilegis. Noves masculinitats?<\/strong><\/li>\n<\/ul>\n<p>Lloc: Sala n\u00fam. 2 (Centre de Congressos Ciutat d\u2019Elx)<\/p>\n<p>Coordina: Sr. Francisco Panal\u00e9s L\u00f3pez, Dr. Juan Antonio Rodr\u00edguez (Universitat de Val\u00e8ncia) i Sra. Rosario Carmona Paredes (Universitat Miguel Hern\u00e1ndez d\u2019Elx)<\/p>\n<ul>\n<li><strong>SESSI\u00d3 3.\u00a0<\/strong><strong>Sexualitats masculines: el consum de dones, la pornografia i les viol\u00e8ncies sexuals<em>.<\/em><\/strong><\/li>\n<\/ul>\n<p>Lloc: Sala de confer\u00e8ncies. (Centre de Congressos Ciutat d\u2019Elx)<\/p>\n<p>Coordina: Sra. Marisa Milla (El Valle de la Igualdad), Dra. M. Jes\u00fas Navarro R\u00edos (Universitat Miguel Hern\u00e1ndez d\u2019Elx) i Dra. Modesta Salazar Agull\u00f3 (Universitat d\u2019Alacant, cap de la Unitat contra la Viol\u00e8ncia sobre la Dona de la Subdelegaci\u00f3 del Govern a Alacant)<\/p>\n<ul>\n<li><strong>SESSI\u00d3 4.\u00a0<\/strong><strong>Viol\u00e8ncia de g\u00e8nere en la parella i masculinitat: prevenci\u00f3, enfocaments respecte als agressors i reinserci\u00f3.<\/strong><\/li>\n<\/ul>\n<p>Lloc: Auditori. (Centre de Congressos Ciutat d\u2019Elx)<\/p>\n<p>Coordina: Sr. Antonio Llorens Aguado (Aj. de Sant Joan\u00a0 d\u2019Alacant), Dr.\u00a0Carmelo Hern\u00e1ndez (Universitat d\u2019Alacant) i Dr. J. Pablo Cu\u00e9llar (Universitat d\u2019Alacant).<\/p>\n<p><strong><em>\u00a0<\/em><\/strong><\/p>\n<p><strong>DISSABTE 6 D\u2019ABRIL DE 2019<\/strong><\/p>\n<p><strong>MAT\u00cd<\/strong><\/p>\n<p><strong>9.30-11.00h<\/strong>\u00a0<strong>TAULA REDONA:<\/strong><strong>\u00a0\u201cS\u00d3N LES NOVES GENERACIONS D\u2019HOMES JOVES M\u00c9S IGUALIT\u00c0RIES?\u201d<\/strong><\/p>\n<ul>\n<li><strong> Beatriz Ranea Trivi\u00f1o<\/strong>,Universitat Complutense de Madrid.<\/li>\n<li><strong> Jorge Garc\u00eda Mar\u00edn<\/strong>,Universitat de Santiago de Compostel\u00b7la.<\/li>\n<li><strong> Oriol R\u00edos Gonz\u00e1lez<\/strong>,Universitat Rovira i Virgili de Tarragona.<\/li>\n<\/ul>\n<p><strong>Presenta i modera:\u00a0<\/strong>Dra. Mar\u00eda Quiles Bail\u00e9n. Universitat Miguel Hern\u00e1ndez d\u2019Elx.<\/p>\n<p><strong>11.00-11.30h<\/strong>\u00a0<strong>DESCANS I CAF\u00c9.<\/strong><\/p>\n<p><strong>11.30-12.30h<\/strong>\u00a0<strong>CONFER\u00c8NCIA:<\/strong>\u00a0\u201c<strong>ELS HOMES I LA IGUALTAT: PERSPECTIVES ACTUALS I REPTES DE FUTUR EN LA UNIVERSITAT\u201d<em>.<\/em><\/strong>\u00a0Dr. Octavio Salazar Ben\u00edtez. Universitat de C\u00f2rdova.<\/p>\n<p><strong>12.30-13.15h<\/strong>\u00a0<strong>PROPOSTES I CONCLUSIONS COL\u00b7LECTIUS ESTUDIANTS:\u00a0<\/strong><strong>\u201cELS XICS JOVES ENFRONT DE LA IGUALTAT DE G\u00c8NERE\u201d<em>.<\/em><\/strong><\/p>\n<p><strong>13.15-13.45h<\/strong>\u00a0<strong>LECTURA DE CONCLUSIONS<\/strong><\/p>\n<p><strong>13.45-14.15h<\/strong>\u00a0<strong>ACTE DE CLAUSURA<\/strong><\/p>","protected":false},"excerpt":{"rendered":"<p>I CONGR\u00c9S\u00a0INTERNACIONAL\u00a0SOBRE MASCULINITATS I IGUALTAT: A LA RECERCA DE BONES PR\u00c0CTIQUES DE MASCULINITATS IGUALIT\u00c0RIES DES DE L\u2019\u00c0MBIT DE LA UNIVERSITAT. DATES:\u00a0DIJOUS 4, DIVENDRES 5 I DISSABTE 6 D\u2019ABRIL DE 2019 LLOC:\u00a0CENTRE DE CONGRESSOS CIUTAT D\u2019ELX ORGANITZA:\u00a0UNIVERSITAT MIGUEL HERN\u00c1NDEZ D\u2019ELX \u00a0 DIJOUS 4 D\u2019ABRIL DE 2019 VESPRADA Lloc de celebraci\u00f3: Centre\u2026<\/p>\n<p> <a class=\"continue-reading-link\" href=\"https:\/\/congresomasculinidades.umh.es\/ca\/programa-2\/\"><span>Continue reading<\/span><i class=\"crycon-right-dir\"><\/i><\/a><\/p>\n","protected":false},"author":642,"featured_media":0,"parent":0,"menu_order":5,"comment_status":"closed","ping_status":"closed","template":"","meta":{"_links_to":"","_links_to_target":""},"yoast_head":"<!-- This site is optimized with the Yoast SEO plugin v17.5 - https:\/\/yoast.com\/wordpress\/plugins\/seo\/ -->\n<title>PROGRAMA - I CONGRESO INTERNACIONAL SOBRE MASCULINIDADES E IGUALDAD<\/title>\n<meta name=\"description\" content=\"Programa del congreso\" \/>\n<meta name=\"robots\" content=\"index, follow, max-snippet:-1, max-image-preview:large, max-video-preview:-1\" \/>\n<link rel=\"canonical\" href=\"https:\/\/congresomasculinidades.umh.es\/ca\/programa-2\/\" \/>\n<meta property=\"og:locale\" content=\"ca_ES\" \/>\n<meta property=\"og:type\" content=\"article\" \/>\n<meta property=\"og:title\" content=\"PROGRAMA - I CONGRESO INTERNACIONAL SOBRE MASCULINIDADES E IGUALDAD\" \/>\n<meta property=\"og:description\" content=\"Programa del congreso\" \/>\n<meta property=\"og:url\" content=\"https:\/\/congresomasculinidades.umh.es\/ca\/programa-2\/\" \/>\n<meta property=\"og:site_name\" content=\"I CONGRESO INTERNACIONAL SOBRE MASCULINIDADES E IGUALDAD\" \/>\n<meta property=\"article:modified_time\" content=\"2019-03-29T14:50:28+00:00\" \/>\n<meta name=\"twitter:card\" content=\"summary\" \/>\n<meta name=\"twitter:label1\" content=\"Temps estimat de lectura\" \/>\n\t<meta name=\"twitter:data1\" content=\"9 minuts\" \/>\n<script type=\"application\/ld+json\" class=\"yoast-schema-graph\">{\"@context\":\"https:\/\/schema.org\",\"@graph\":[{\"@type\":\"WebSite\",\"@id\":\"https:\/\/congresomasculinidades.umh.es\/#website\",\"url\":\"https:\/\/congresomasculinidades.umh.es\/\",\"name\":\"I CONGRESO INTERNACIONAL SOBRE MASCULINIDADES E IGUALDAD\",\"description\":\"Centro de Congresos 4, 5 y 6 de abril 2019\",\"potentialAction\":[{\"@type\":\"SearchAction\",\"target\":{\"@type\":\"EntryPoint\",\"urlTemplate\":\"https:\/\/congresomasculinidades.umh.es\/?s={search_term_string}\"},\"query-input\":\"required name=search_term_string\"}],\"inLanguage\":\"ca\"},{\"@type\":\"WebPage\",\"@id\":\"https:\/\/congresomasculinidades.umh.es\/ca\/programa-2\/#webpage\",\"url\":\"https:\/\/congresomasculinidades.umh.es\/ca\/programa-2\/\",\"name\":\"PROGRAMA - I CONGRESO INTERNACIONAL SOBRE MASCULINIDADES E IGUALDAD\",\"isPartOf\":{\"@id\":\"https:\/\/congresomasculinidades.umh.es\/#website\"},\"datePublished\":\"2018-11-30T13:20:34+00:00\",\"dateModified\":\"2019-03-29T14:50:28+00:00\",\"description\":\"Programa del congreso\",\"breadcrumb\":{\"@id\":\"https:\/\/congresomasculinidades.umh.es\/ca\/programa-2\/#breadcrumb\"},\"inLanguage\":\"ca\",\"potentialAction\":[{\"@type\":\"ReadAction\",\"target\":[\"https:\/\/congresomasculinidades.umh.es\/ca\/programa-2\/\"]}]},{\"@type\":\"BreadcrumbList\",\"@id\":\"https:\/\/congresomasculinidades.umh.es\/ca\/programa-2\/#breadcrumb\",\"itemListElement\":[{\"@type\":\"ListItem\",\"position\":1,\"name\":\"Portada\",\"item\":\"https:\/\/congresomasculinidades.umh.es\/\"},{\"@type\":\"ListItem\",\"position\":2,\"name\":\"PROGRAMA\"}]}]}<\/script>\n<!-- \/ Yoast SEO plugin. -->","yoast_head_json":{"title":"PROGRAMA - I CONGRESO INTERNACIONAL SOBRE MASCULINIDADES E IGUALDAD","description":"Programa del congreso","robots":{"index":"index","follow":"follow","max-snippet":"max-snippet:-1","max-image-preview":"max-image-preview:large","max-video-preview":"max-video-preview:-1"},"canonical":"https:\/\/congresomasculinidades.umh.es\/ca\/programa-2\/","og_locale":"ca_ES","og_type":"article","og_title":"PROGRAMA - I CONGRESO INTERNACIONAL SOBRE MASCULINIDADES E IGUALDAD","og_description":"Programa del congreso","og_url":"https:\/\/congresomasculinidades.umh.es\/ca\/programa-2\/","og_site_name":"I CONGRESO INTERNACIONAL SOBRE MASCULINIDADES E IGUALDAD","article_modified_time":"2019-03-29T14:50:28+00:00","twitter_card":"summary","twitter_misc":{"Temps estimat de lectura":"9 minuts"},"schema":{"@context":"https:\/\/schema.org","@graph":[{"@type":"WebSite","@id":"https:\/\/congresomasculinidades.umh.es\/#website","url":"https:\/\/congresomasculinidades.umh.es\/","name":"I CONGRESO INTERNACIONAL SOBRE MASCULINIDADES E IGUALDAD","description":"Centro de Congresos 4, 5 y 6 de abril 2019","potentialAction":[{"@type":"SearchAction","target":{"@type":"EntryPoint","urlTemplate":"https:\/\/congresomasculinidades.umh.es\/?s={search_term_string}"},"query-input":"required name=search_term_string"}],"inLanguage":"ca"},{"@type":"WebPage","@id":"https:\/\/congresomasculinidades.umh.es\/ca\/programa-2\/#webpage","url":"https:\/\/congresomasculinidades.umh.es\/ca\/programa-2\/","name":"PROGRAMA - I CONGRESO INTERNACIONAL SOBRE MASCULINIDADES E IGUALDAD","isPartOf":{"@id":"https:\/\/congresomasculinidades.umh.es\/#website"},"datePublished":"2018-11-30T13:20:34+00:00","dateModified":"2019-03-29T14:50:28+00:00","description":"Programa del congreso","breadcrumb":{"@id":"https:\/\/congresomasculinidades.umh.es\/ca\/programa-2\/#breadcrumb"},"inLanguage":"ca","potentialAction":[{"@type":"ReadAction","target":["https:\/\/congresomasculinidades.umh.es\/ca\/programa-2\/"]}]},{"@type":"BreadcrumbList","@id":"https:\/\/congresomasculinidades.umh.es\/ca\/programa-2\/#breadcrumb","itemListElement":[{"@type":"ListItem","position":1,"name":"Portada","item":"https:\/\/congresomasculinidades.umh.es\/"},{"@type":"ListItem","position":2,"name":"PROGRAMA"}]}]}},"_links":{"self":[{"href":"https:\/\/congresomasculinidades.umh.es\/ca\/wp-json\/wp\/v2\/pages\/900"}],"collection":[{"href":"https:\/\/congresomasculinidades.umh.es\/ca\/wp-json\/wp\/v2\/pages"}],"about":[{"href":"https:\/\/congresomasculinidades.umh.es\/ca\/wp-json\/wp\/v2\/types\/page"}],"author":[{"embeddable":true,"href":"https:\/\/congresomasculinidades.umh.es\/ca\/wp-json\/wp\/v2\/users\/642"}],"replies":[{"embeddable":true,"href":"https:\/\/congresomasculinidades.umh.es\/ca\/wp-json\/wp\/v2\/comments?post=900"}],"version-history":[{"count":0,"href":"https:\/\/congresomasculinidades.umh.es\/ca\/wp-json\/wp\/v2\/pages\/900\/revisions"}],"wp:attachment":[{"href":"https:\/\/congresomasculinidades.umh.es\/ca\/wp-json\/wp\/v2\/media?parent=900"}],"curies":[{"name":"wp","href":"https:\/\/api.w.org\/{rel}","templated":true}]}}