{"id":911,"date":"2018-12-03T16:23:15","date_gmt":"2018-12-03T16:23:15","guid":{"rendered":"http:\/\/congresomasculinidades.umh.es\/?page_id=911"},"modified":"2019-02-27T09:34:37","modified_gmt":"2019-02-27T09:34:37","slug":"objetivos","status":"publish","type":"page","link":"https:\/\/congresomasculinidades.umh.es\/ca\/objetivos\/","title":{"rendered":"OBJECTIUS"},"content":{"rendered":"<p><\/p>\n<ul>\n<li>Crear un lloc de trobada i de generaci\u00f3 col\u00b7lectiva de coneixement obert sobre un vessant dels estudis de g\u00e8nere com s\u00f3n els estudis de les masculinitats, encara tan escassos, precaris i incipients, per\u00f2 cada vegada m\u00e9s demandats i necessaris per a la consecuci\u00f3 de la igualtat real entre dones i homes.<\/li>\n<li>Visibilitzar aquest camp d\u2019estudi emergent entre l\u2019alumnat i el professorat i investigadors\/es de l\u2019\u00e0mbit universitari, destacant-ne la urg\u00e8ncia, la necessitat i les potencialitats.<\/li>\n<li>Introduir i impulsar la reflexi\u00f3 sobre la masculinitat des de la perspectiva de g\u00e8nere en les pol\u00edtiques d\u2019igualtat i els plans d\u2019igualtat de les universitats, oferint-hi eines i actuacions.<\/li>\n<li>Propiciar la connexi\u00f3 entre disciplines que aborden la masculinitat des de diferents \u00e0mbits per a afavorir un coneixement hol\u00edstic i integrador sobre els homes i la seua identitat de g\u00e8nere.<\/li>\n<li>Afavorir la creaci\u00f3 de xarxes interuniversit\u00e0ries i interinstitucionals d\u2019estudis de masculinitats en l\u2019\u00e0mbit estatal i internacional.<\/li>\n<li>Crear i impulsar l\u2019Observatori de la Masculinitat en la Universitat Miguel Hern\u00e1ndez.<\/li>\n<li>Potenciar la realitzaci\u00f3 de TFG, TFM i TESIS DOCTORALS sobre la q\u00fcesti\u00f3 masculina des d\u2019un punt de vista cr\u00edtic i cient\u00edfic entre l\u2019alumnat universitari.<\/li>\n<li>Reproduir el coneixement sobre masculinitats a trav\u00e9s de publicacions o actuacions tant cient\u00edfiques (revistes, articles, llibres, jornades, etc.) com de car\u00e0cter social o divulgatiu, perqu\u00e8 el missatge sobre masculinitats i igualtat no es quede en el circuit acad\u00e8mic, sin\u00f3 que arribe a la ciutadania i la societat en general.<\/li>\n<li>Ressaltar la import\u00e0ncia cient\u00edfica i social del coneixement rigor\u00f3s sobre la identitat masculina en aquest per\u00edode sociohist\u00f2ric concret, per a poder afavorir la implementaci\u00f3 de mesures i pol\u00edtiques d\u2019igualtat que funcionen de manera m\u00e9s efectiva en fen\u00f2mens de vital import\u00e0ncia i a l\u2019hora de construir societats m\u00e9s igualit\u00e0ries i lliures de viol\u00e8ncies: viol\u00e8ncies masculines, negaci\u00f3 de les emocions, reproducci\u00f3 d\u2019un g\u00e8nere en obsolesc\u00e8ncia, etc.<\/li>\n<li>Estimular la percepci\u00f3 entre els homes que altres formes de ser home s\u00f3n possibles i que el model de masculinitat tradicional i hegem\u00f2nica, encara molt vigent, tot i que amb algunes fissures, est\u00e0 obsolet i no t\u00e9 sentit en el segle XXI.<\/li>\n<li>Promoure la creaci\u00f3 de col\u00b7lectius d\u2019homes igualitaris entre la ciutadania.<\/li>\n<\/ul>\n<p><strong>\u00a0<\/strong><\/p>","protected":false},"excerpt":{"rendered":"<p>Crear un lloc de trobada i de generaci\u00f3 col\u00b7lectiva de coneixement obert sobre un vessant dels estudis de g\u00e8nere com s\u00f3n els estudis de les masculinitats, encara tan escassos, precaris i incipients, per\u00f2 cada vegada m\u00e9s demandats i necessaris per a la consecuci\u00f3 de la igualtat real entre dones i\u2026<\/p>\n<p> <a class=\"continue-reading-link\" href=\"https:\/\/congresomasculinidades.umh.es\/ca\/objetivos\/\"><span>Continue reading<\/span><i class=\"crycon-right-dir\"><\/i><\/a><\/p>\n","protected":false},"author":642,"featured_media":0,"parent":0,"menu_order":2,"comment_status":"closed","ping_status":"closed","template":"","meta":{"_links_to":"","_links_to_target":""},"yoast_head":"<!-- This site is optimized with the Yoast SEO plugin v17.5 - https:\/\/yoast.com\/wordpress\/plugins\/seo\/ -->\n<title>OBJECTIUS - I CONGRESO INTERNACIONAL SOBRE MASCULINIDADES E IGUALDAD<\/title>\n<meta name=\"description\" content=\"Objetivos del congreso\" \/>\n<meta name=\"robots\" content=\"index, follow, max-snippet:-1, max-image-preview:large, max-video-preview:-1\" \/>\n<link rel=\"canonical\" href=\"https:\/\/congresomasculinidades.umh.es\/objetivos\/\" \/>\n<meta property=\"og:locale\" content=\"ca_ES\" \/>\n<meta property=\"og:type\" content=\"article\" \/>\n<meta property=\"og:title\" content=\"[:es]OBJETIVOS[:ca]OBJECTIUS[:] - I CONGRESO INTERNACIONAL SOBRE MASCULINIDADES E IGUALDAD\" \/>\n<meta property=\"og:description\" content=\"Objetivos del congreso\" \/>\n<meta property=\"og:url\" content=\"https:\/\/congresomasculinidades.umh.es\/objetivos\/\" \/>\n<meta property=\"og:site_name\" content=\"I CONGRESO INTERNACIONAL SOBRE MASCULINIDADES E IGUALDAD\" \/>\n<meta property=\"article:modified_time\" content=\"2019-02-27T09:34:37+00:00\" \/>\n<meta name=\"twitter:card\" content=\"summary\" \/>\n<meta name=\"twitter:label1\" content=\"Temps estimat de lectura\" \/>\n\t<meta name=\"twitter:data1\" content=\"4 minuts\" \/>\n<script type=\"application\/ld+json\" class=\"yoast-schema-graph\">{\"@context\":\"https:\/\/schema.org\",\"@graph\":[{\"@type\":\"WebSite\",\"@id\":\"https:\/\/congresomasculinidades.umh.es\/#website\",\"url\":\"https:\/\/congresomasculinidades.umh.es\/\",\"name\":\"I CONGRESO INTERNACIONAL SOBRE MASCULINIDADES E IGUALDAD\",\"description\":\"Centro de Congresos 4, 5 y 6 de abril 2019\",\"potentialAction\":[{\"@type\":\"SearchAction\",\"target\":{\"@type\":\"EntryPoint\",\"urlTemplate\":\"https:\/\/congresomasculinidades.umh.es\/?s={search_term_string}\"},\"query-input\":\"required name=search_term_string\"}],\"inLanguage\":\"ca\"},{\"@type\":\"WebPage\",\"@id\":\"https:\/\/congresomasculinidades.umh.es\/objetivos\/#webpage\",\"url\":\"https:\/\/congresomasculinidades.umh.es\/objetivos\/\",\"name\":\"[:es]OBJETIVOS[:ca]OBJECTIUS[:] - I CONGRESO INTERNACIONAL SOBRE MASCULINIDADES E IGUALDAD\",\"isPartOf\":{\"@id\":\"https:\/\/congresomasculinidades.umh.es\/#website\"},\"datePublished\":\"2018-12-03T16:23:15+00:00\",\"dateModified\":\"2019-02-27T09:34:37+00:00\",\"description\":\"Objetivos del congreso\",\"breadcrumb\":{\"@id\":\"https:\/\/congresomasculinidades.umh.es\/objetivos\/#breadcrumb\"},\"inLanguage\":\"ca\",\"potentialAction\":[{\"@type\":\"ReadAction\",\"target\":[\"https:\/\/congresomasculinidades.umh.es\/objetivos\/\"]}]},{\"@type\":\"BreadcrumbList\",\"@id\":\"https:\/\/congresomasculinidades.umh.es\/objetivos\/#breadcrumb\",\"itemListElement\":[{\"@type\":\"ListItem\",\"position\":1,\"name\":\"Portada\",\"item\":\"https:\/\/congresomasculinidades.umh.es\/\"},{\"@type\":\"ListItem\",\"position\":2,\"name\":\"OBJETIVOS\"}]}]}<\/script>\n<!-- \/ Yoast SEO plugin. -->","yoast_head_json":{"title":"[:es]OBJETIVOS[:ca]OBJECTIUS[:] - I CONGRESO INTERNACIONAL SOBRE MASCULINIDADES E IGUALDAD","description":"Objetivos del congreso","robots":{"index":"index","follow":"follow","max-snippet":"max-snippet:-1","max-image-preview":"max-image-preview:large","max-video-preview":"max-video-preview:-1"},"canonical":"https:\/\/congresomasculinidades.umh.es\/objetivos\/","og_locale":"ca_ES","og_type":"article","og_title":"[:es]OBJETIVOS[:ca]OBJECTIUS[:] - I CONGRESO INTERNACIONAL SOBRE MASCULINIDADES E IGUALDAD","og_description":"Objetivos del congreso","og_url":"https:\/\/congresomasculinidades.umh.es\/objetivos\/","og_site_name":"I CONGRESO INTERNACIONAL SOBRE MASCULINIDADES E IGUALDAD","article_modified_time":"2019-02-27T09:34:37+00:00","twitter_card":"summary","twitter_misc":{"Temps estimat de lectura":"4 minuts"},"schema":{"@context":"https:\/\/schema.org","@graph":[{"@type":"WebSite","@id":"https:\/\/congresomasculinidades.umh.es\/#website","url":"https:\/\/congresomasculinidades.umh.es\/","name":"I CONGRESO INTERNACIONAL SOBRE MASCULINIDADES E IGUALDAD","description":"Centro de Congresos 4, 5 y 6 de abril 2019","potentialAction":[{"@type":"SearchAction","target":{"@type":"EntryPoint","urlTemplate":"https:\/\/congresomasculinidades.umh.es\/?s={search_term_string}"},"query-input":"required name=search_term_string"}],"inLanguage":"ca"},{"@type":"WebPage","@id":"https:\/\/congresomasculinidades.umh.es\/objetivos\/#webpage","url":"https:\/\/congresomasculinidades.umh.es\/objetivos\/","name":"[:es]OBJETIVOS[:ca]OBJECTIUS[:] - I CONGRESO INTERNACIONAL SOBRE MASCULINIDADES E IGUALDAD","isPartOf":{"@id":"https:\/\/congresomasculinidades.umh.es\/#website"},"datePublished":"2018-12-03T16:23:15+00:00","dateModified":"2019-02-27T09:34:37+00:00","description":"Objetivos del congreso","breadcrumb":{"@id":"https:\/\/congresomasculinidades.umh.es\/objetivos\/#breadcrumb"},"inLanguage":"ca","potentialAction":[{"@type":"ReadAction","target":["https:\/\/congresomasculinidades.umh.es\/objetivos\/"]}]},{"@type":"BreadcrumbList","@id":"https:\/\/congresomasculinidades.umh.es\/objetivos\/#breadcrumb","itemListElement":[{"@type":"ListItem","position":1,"name":"Portada","item":"https:\/\/congresomasculinidades.umh.es\/"},{"@type":"ListItem","position":2,"name":"OBJETIVOS"}]}]}},"_links":{"self":[{"href":"https:\/\/congresomasculinidades.umh.es\/ca\/wp-json\/wp\/v2\/pages\/911"}],"collection":[{"href":"https:\/\/congresomasculinidades.umh.es\/ca\/wp-json\/wp\/v2\/pages"}],"about":[{"href":"https:\/\/congresomasculinidades.umh.es\/ca\/wp-json\/wp\/v2\/types\/page"}],"author":[{"embeddable":true,"href":"https:\/\/congresomasculinidades.umh.es\/ca\/wp-json\/wp\/v2\/users\/642"}],"replies":[{"embeddable":true,"href":"https:\/\/congresomasculinidades.umh.es\/ca\/wp-json\/wp\/v2\/comments?post=911"}],"version-history":[{"count":0,"href":"https:\/\/congresomasculinidades.umh.es\/ca\/wp-json\/wp\/v2\/pages\/911\/revisions"}],"wp:attachment":[{"href":"https:\/\/congresomasculinidades.umh.es\/ca\/wp-json\/wp\/v2\/media?parent=911"}],"curies":[{"name":"wp","href":"https:\/\/api.w.org\/{rel}","templated":true}]}}