{"id":913,"date":"2018-12-03T16:25:41","date_gmt":"2018-12-03T16:25:41","guid":{"rendered":"http:\/\/congresomasculinidades.umh.es\/?page_id=913"},"modified":"2019-03-05T11:54:46","modified_gmt":"2019-03-05T11:54:46","slug":"justificacion","status":"publish","type":"page","link":"https:\/\/congresomasculinidades.umh.es\/ca\/justificacion\/","title":{"rendered":"JUSTIFICACI\u00d3"},"content":{"rendered":"<p>Aquest <strong><em>I Congr\u00e9s Internacional sobre Masculinitats i Igualtat\u00a0&#8211; CIMASCIGUAL,<\/em><\/strong>pret\u00e9n introduir un tema propi dels estudis de g\u00e8nere per\u00f2 poc abordat en el context espanyol, tant en les universitats com per part de les institucions p\u00fabliques. En l\u2019\u00e0mbit estatunidenc, el nord d\u2019Europa, Austr\u00e0lia o a Llatinoam\u00e8rica, \u00e9s una q\u00fcesti\u00f3 que cada vegada est\u00e0 cobrant major import\u00e0ncia en el m\u00f3n acad\u00e8mic i tamb\u00e9 en l\u2019activista.<\/p>\n<p><em>\u00a0\u201cEl concepte anal\u00edtic de G\u00e8nere, introdu\u00eft a principis dels huitanta, va pretendre superar aquell enunciat essencialista i universalista segons el qual en \u00faltima inst\u00e0ncia la \u201cbiologia \u00e9s destinaci\u00f3\u201d. [&#8230;] La teoria de G\u00e8nere posa l\u2019accent, a m\u00e9s, en el fet que les identitats de g\u00e8nere es constitueixen rec\u00edprocament i que, per tant, per a comprendre l\u2019experi\u00e8ncia de ser dona en un context hist\u00f2ric concret \u00e9s imprescindible tindre en compte els atributs de ser home\u201d <\/em>(Stolcke, 1996:341).<\/p>\n<p>Els camins cap a la igualtat real reclamen actualment i necess\u00e0riament la implicaci\u00f3 dels homes, de la superaci\u00f3 d\u2019un model de masculinitat tradicional obsoleta i la transici\u00f3 cap a altres formes possibles i m\u00e9s igualit\u00e0ries de ser homes en la nostra societat. Alguns dels \u00faltims esdeveniments viscuts tant en l\u2019\u00e0mbit estatal com mundial, han posat de manifest la necessitat urgent de la incorporaci\u00f3 dels homes a la lluita per la igualtat. En el cas espanyol estem assistint a la visibilitzaci\u00f3 cada vegada major d\u2019un moviment feminista potent i amb gran capacitat organitzativa i de mobilitzaci\u00f3, com aix\u00ed ho han demostrat fen\u00f2mens com el 7N: Marxa estatal contra les viol\u00e8ncies masclistes a Madrid el 2016, o el 8 de mar\u00e7 de 2018 i la vaga plantejada en aquests termes que va obligar els homes a posicionar-se des d\u2019una reflexi\u00f3 pr\u00e8via del que les dones estaven tractant de significar.<\/p>\n<p>A m\u00e9s, tota aquesta mobilitzaci\u00f3 i pressi\u00f3 social a trav\u00e9s del moviment feminista, i de tota mena d\u2019organitzacions i fins i tot de partits pol\u00edtics, ha afavorit la inclusi\u00f3 en l\u2019agenda pol\u00edtica de demandes que directament o indirectament apel\u00b7len a la reflexi\u00f3 sobre la masculinitat: el perm\u00eds de paternitat (igual i intransferible) per apel\u00b7laci\u00f3 a la coresponsabilitat en les cures, o la q\u00fcesti\u00f3 de l\u2019anomenada \u201cManada\u201d de la violaci\u00f3 m\u00faltiple de Pamplona al juliol de 2016, que ha suposat una cr\u00edtica manifesta que interpel\u00b7la directament al privilegi mascul\u00ed sobre els cossos de les dones a trav\u00e9s de la denominada \u201ccultura de la violaci\u00f3\u201d.<\/p>\n<p>\u00c9s precisament en aquest moment de q\u00fcestionament manifest de la masculinitat quan es fa m\u00e9s necessari i urgent, sens dubte, apel\u00b7lar a institucions que, pel seu \u00e0mbit de treball i la seua capacitat d\u2019influ\u00e8ncia en la societat, poden i han de tindre un paper clau en la transformaci\u00f3 del model d\u2019identitat masculina cap a altres formes possibles de ser home m\u00e9s concordes amb els temps actuals, temps de lluita feminista, destacant tamb\u00e9 el perfil de l\u2019alumnat, que usualment s\u00f3n xics joves, en qu\u00e8 cal posar especialment el focus d\u2019atenci\u00f3.<\/p>\n<p>La universitat, des de la seua posici\u00f3 social determinada com a instituci\u00f3 de reconegut prestigi i respecte per part de la ciutadania, ha de ser impulsora activa de l\u2019estudi i el canvi entre els homes, fomentant la investigaci\u00f3 i el coneixement de les masculinitats des d\u2019una perspectiva cient\u00edfica interdisciplin\u00e0ria, aix\u00ed com facilitar els espais de debat i visibilitzaci\u00f3 de la cr\u00edtica del model hegem\u00f2nic i tradicional, i de les formes alternatives i dissidents amb la norma dominant de la masculinitat que comencen a emergir des de fa pocs anys. A m\u00e9s, s\u2019ha d\u2019implicar activament en la divulgaci\u00f3 del coneixement generat per l\u2019acad\u00e8mia perqu\u00e8 aquest no quede en els seus propis circuits, sin\u00f3 que siga aprofitat per la societat en el seu conjunt.<\/p>","protected":false},"excerpt":{"rendered":"<p>Aquest I Congr\u00e9s Internacional sobre Masculinitats i Igualtat\u00a0&#8211; CIMASCIGUAL,pret\u00e9n introduir un tema propi dels estudis de g\u00e8nere per\u00f2 poc abordat en el context espanyol, tant en les universitats com per part de les institucions p\u00fabliques. En l\u2019\u00e0mbit estatunidenc, el nord d\u2019Europa, Austr\u00e0lia o a Llatinoam\u00e8rica, \u00e9s una q\u00fcesti\u00f3 que cada\u2026<\/p>\n<p> <a class=\"continue-reading-link\" href=\"https:\/\/congresomasculinidades.umh.es\/ca\/justificacion\/\"><span>Continue reading<\/span><i class=\"crycon-right-dir\"><\/i><\/a><\/p>\n","protected":false},"author":642,"featured_media":0,"parent":0,"menu_order":3,"comment_status":"closed","ping_status":"closed","template":"","meta":{"_links_to":"","_links_to_target":""},"yoast_head":"<!-- This site is optimized with the Yoast SEO plugin v17.5 - https:\/\/yoast.com\/wordpress\/plugins\/seo\/ -->\n<title>JUSTIFICACI\u00d3 - I CONGRESO INTERNACIONAL SOBRE MASCULINIDADES E IGUALDAD<\/title>\n<meta name=\"description\" content=\"Justificaci\u00f3n del congreso.\" \/>\n<meta name=\"robots\" content=\"index, follow, max-snippet:-1, max-image-preview:large, max-video-preview:-1\" \/>\n<link rel=\"canonical\" href=\"https:\/\/congresomasculinidades.umh.es\/justificacion\/\" \/>\n<meta property=\"og:locale\" content=\"ca_ES\" \/>\n<meta property=\"og:type\" content=\"article\" \/>\n<meta property=\"og:title\" content=\"[:es]JUSTIFICACI\u00d3N[:ca]JUSTIFICACI\u00d3[:] - I CONGRESO INTERNACIONAL SOBRE MASCULINIDADES E IGUALDAD\" \/>\n<meta property=\"og:description\" content=\"Justificaci\u00f3n del congreso.\" \/>\n<meta property=\"og:url\" content=\"https:\/\/congresomasculinidades.umh.es\/justificacion\/\" \/>\n<meta property=\"og:site_name\" content=\"I CONGRESO INTERNACIONAL SOBRE MASCULINIDADES E IGUALDAD\" \/>\n<meta property=\"article:modified_time\" content=\"2019-03-05T11:54:46+00:00\" \/>\n<meta name=\"twitter:card\" content=\"summary\" \/>\n<meta name=\"twitter:label1\" content=\"Temps estimat de lectura\" \/>\n\t<meta name=\"twitter:data1\" content=\"7 minuts\" \/>\n<script type=\"application\/ld+json\" class=\"yoast-schema-graph\">{\"@context\":\"https:\/\/schema.org\",\"@graph\":[{\"@type\":\"WebSite\",\"@id\":\"https:\/\/congresomasculinidades.umh.es\/#website\",\"url\":\"https:\/\/congresomasculinidades.umh.es\/\",\"name\":\"I CONGRESO INTERNACIONAL SOBRE MASCULINIDADES E IGUALDAD\",\"description\":\"Centro de Congresos 4, 5 y 6 de abril 2019\",\"potentialAction\":[{\"@type\":\"SearchAction\",\"target\":{\"@type\":\"EntryPoint\",\"urlTemplate\":\"https:\/\/congresomasculinidades.umh.es\/?s={search_term_string}\"},\"query-input\":\"required name=search_term_string\"}],\"inLanguage\":\"ca\"},{\"@type\":\"WebPage\",\"@id\":\"https:\/\/congresomasculinidades.umh.es\/justificacion\/#webpage\",\"url\":\"https:\/\/congresomasculinidades.umh.es\/justificacion\/\",\"name\":\"[:es]JUSTIFICACI\\u00d3N[:ca]JUSTIFICACI\\u00d3[:] - I CONGRESO INTERNACIONAL SOBRE MASCULINIDADES E IGUALDAD\",\"isPartOf\":{\"@id\":\"https:\/\/congresomasculinidades.umh.es\/#website\"},\"datePublished\":\"2018-12-03T16:25:41+00:00\",\"dateModified\":\"2019-03-05T11:54:46+00:00\",\"description\":\"Justificaci\\u00f3n del congreso.\",\"breadcrumb\":{\"@id\":\"https:\/\/congresomasculinidades.umh.es\/justificacion\/#breadcrumb\"},\"inLanguage\":\"ca\",\"potentialAction\":[{\"@type\":\"ReadAction\",\"target\":[\"https:\/\/congresomasculinidades.umh.es\/justificacion\/\"]}]},{\"@type\":\"BreadcrumbList\",\"@id\":\"https:\/\/congresomasculinidades.umh.es\/justificacion\/#breadcrumb\",\"itemListElement\":[{\"@type\":\"ListItem\",\"position\":1,\"name\":\"Portada\",\"item\":\"https:\/\/congresomasculinidades.umh.es\/\"},{\"@type\":\"ListItem\",\"position\":2,\"name\":\"JUSTIFICACI\\u00d3N\"}]}]}<\/script>\n<!-- \/ Yoast SEO plugin. -->","yoast_head_json":{"title":"[:es]JUSTIFICACI\u00d3N[:ca]JUSTIFICACI\u00d3[:] - I CONGRESO INTERNACIONAL SOBRE MASCULINIDADES E IGUALDAD","description":"Justificaci\u00f3n del congreso.","robots":{"index":"index","follow":"follow","max-snippet":"max-snippet:-1","max-image-preview":"max-image-preview:large","max-video-preview":"max-video-preview:-1"},"canonical":"https:\/\/congresomasculinidades.umh.es\/justificacion\/","og_locale":"ca_ES","og_type":"article","og_title":"[:es]JUSTIFICACI\u00d3N[:ca]JUSTIFICACI\u00d3[:] - I CONGRESO INTERNACIONAL SOBRE MASCULINIDADES E IGUALDAD","og_description":"Justificaci\u00f3n del congreso.","og_url":"https:\/\/congresomasculinidades.umh.es\/justificacion\/","og_site_name":"I CONGRESO INTERNACIONAL SOBRE MASCULINIDADES E IGUALDAD","article_modified_time":"2019-03-05T11:54:46+00:00","twitter_card":"summary","twitter_misc":{"Temps estimat de lectura":"7 minuts"},"schema":{"@context":"https:\/\/schema.org","@graph":[{"@type":"WebSite","@id":"https:\/\/congresomasculinidades.umh.es\/#website","url":"https:\/\/congresomasculinidades.umh.es\/","name":"I CONGRESO INTERNACIONAL SOBRE MASCULINIDADES E IGUALDAD","description":"Centro de Congresos 4, 5 y 6 de abril 2019","potentialAction":[{"@type":"SearchAction","target":{"@type":"EntryPoint","urlTemplate":"https:\/\/congresomasculinidades.umh.es\/?s={search_term_string}"},"query-input":"required name=search_term_string"}],"inLanguage":"ca"},{"@type":"WebPage","@id":"https:\/\/congresomasculinidades.umh.es\/justificacion\/#webpage","url":"https:\/\/congresomasculinidades.umh.es\/justificacion\/","name":"[:es]JUSTIFICACI\u00d3N[:ca]JUSTIFICACI\u00d3[:] - I CONGRESO INTERNACIONAL SOBRE MASCULINIDADES E IGUALDAD","isPartOf":{"@id":"https:\/\/congresomasculinidades.umh.es\/#website"},"datePublished":"2018-12-03T16:25:41+00:00","dateModified":"2019-03-05T11:54:46+00:00","description":"Justificaci\u00f3n del congreso.","breadcrumb":{"@id":"https:\/\/congresomasculinidades.umh.es\/justificacion\/#breadcrumb"},"inLanguage":"ca","potentialAction":[{"@type":"ReadAction","target":["https:\/\/congresomasculinidades.umh.es\/justificacion\/"]}]},{"@type":"BreadcrumbList","@id":"https:\/\/congresomasculinidades.umh.es\/justificacion\/#breadcrumb","itemListElement":[{"@type":"ListItem","position":1,"name":"Portada","item":"https:\/\/congresomasculinidades.umh.es\/"},{"@type":"ListItem","position":2,"name":"JUSTIFICACI\u00d3N"}]}]}},"_links":{"self":[{"href":"https:\/\/congresomasculinidades.umh.es\/ca\/wp-json\/wp\/v2\/pages\/913"}],"collection":[{"href":"https:\/\/congresomasculinidades.umh.es\/ca\/wp-json\/wp\/v2\/pages"}],"about":[{"href":"https:\/\/congresomasculinidades.umh.es\/ca\/wp-json\/wp\/v2\/types\/page"}],"author":[{"embeddable":true,"href":"https:\/\/congresomasculinidades.umh.es\/ca\/wp-json\/wp\/v2\/users\/642"}],"replies":[{"embeddable":true,"href":"https:\/\/congresomasculinidades.umh.es\/ca\/wp-json\/wp\/v2\/comments?post=913"}],"version-history":[{"count":0,"href":"https:\/\/congresomasculinidades.umh.es\/ca\/wp-json\/wp\/v2\/pages\/913\/revisions"}],"wp:attachment":[{"href":"https:\/\/congresomasculinidades.umh.es\/ca\/wp-json\/wp\/v2\/media?parent=913"}],"curies":[{"name":"wp","href":"https:\/\/api.w.org\/{rel}","templated":true}]}}